{"id":3248,"date":"2019-03-05T08:52:36","date_gmt":"2019-03-05T07:52:36","guid":{"rendered":"https:\/\/spor-1-wehrmacht.dk\/datenschutzrichtlinie\/"},"modified":"2023-12-12T18:27:05","modified_gmt":"2023-12-12T17:27:05","slug":"datenschutzrichtlinie","status":"publish","type":"page","link":"https:\/\/spor-1-wehrmacht.dk\/de\/datenschutzrichtlinie\/","title":{"rendered":"Datenschutzrichtlinie"},"content":{"rendered":"\t\t<div data-elementor-type=\"wp-post\" data-elementor-id=\"3248\" class=\"elementor elementor-3248 elementor-3\" data-elementor-post-type=\"page\">\n\t\t\t\t<div class=\"elementor-element elementor-element-cf59432 e-flex e-con-boxed e-con e-parent\" data-id=\"cf59432\" data-element_type=\"container\" data-e-type=\"container\" data-settings=\"{&quot;background_background&quot;:&quot;classic&quot;}\">\n\t\t\t\t\t<div class=\"e-con-inner\">\n\t\t\t\t\t<\/div>\n\t\t\t\t<\/div>\n\t\t<div class=\"elementor-element elementor-element-7b6cbc8 e-flex e-con-boxed e-con e-parent\" data-id=\"7b6cbc8\" data-element_type=\"container\" data-e-type=\"container\" data-settings=\"{&quot;background_background&quot;:&quot;classic&quot;}\">\n\t\t\t\t\t<div class=\"e-con-inner\">\n\t\t<div class=\"elementor-element elementor-element-dd837b5 e-con-full e-flex e-con e-child\" data-id=\"dd837b5\" data-element_type=\"container\" data-e-type=\"container\">\n\t\t\t\t<div class=\"elementor-element elementor-element-8692544 elementor-widget elementor-widget-text-editor\" data-id=\"8692544\" data-element_type=\"widget\" data-e-type=\"widget\" data-widget_type=\"text-editor.default\">\n\t\t\t\t<div class=\"elementor-widget-container\">\n\t\t\t\t\t\t\t\t\tCookie- und Datenschutzrichtlinie bei Danny Wendelboe Juel Jeppesen Holding ApS\r\n\r\nEinf\u00fchrung Wenn Sie unsere Website besuchen, werden Informationen \u00fcber Sie gesammelt, die zur Anpassung und Verbesserung unserer Inhalte und zur Steigerung des Werts der Anzeigen verwendet werden, die auf der Seite angezeigt werden. Wenn Sie nicht m\u00f6chten, dass Informationen gesammelt werden, sollten Sie Ihre Cookies l\u00f6schen (siehe Anleitung) und die weitere Nutzung der Website vermeiden. Im Folgenden haben wir erl\u00e4utert, welche Informationen gesammelt werden, ihre Zwecke und welche Dritten darauf Zugriff haben.\r\n\r\nCookies Die Website verwendet &#8222;Cookies&#8220;, die eine Textdatei sind, die auf Ihrem Computer, Mobiltelefon oder \u00c4hnlichem gespeichert wird, um es zu erkennen, Einstellungen zu speichern, Statistiken durchzuf\u00fchren und Anzeigen zielgerichtet auszuspielen. Cookies k\u00f6nnen keinen sch\u00e4dlichen Code wie Viren enthalten.\r\n\r\nEs ist m\u00f6glich, Cookies zu l\u00f6schen oder zu blockieren. Anleitung anzeigen:\u00a0<a href=\"http:\/\/minecookies.org\/cookiehandtering\">http:\/\/minecookies.org\/cookiehandtering<\/a>\r\n\r\nWenn Sie Cookies l\u00f6schen oder blockieren, k\u00f6nnen die Anzeigen f\u00fcr Sie weniger relevant sein und h\u00e4ufiger angezeigt werden. Au\u00dferdem besteht die M\u00f6glichkeit, dass die Website nicht optimal funktioniert und Sie keinen Zugriff auf bestimmte Inhalte erhalten k\u00f6nnen.\r\n\r\nPersonenbezogene Daten\r\n\r\nAllgemein Personenbezogene Daten sind alle Arten von Informationen, die in irgendeiner Weise auf Sie zur\u00fcckgef\u00fchrt werden k\u00f6nnen. Wenn Sie unsere Website nutzen, erfassen und verarbeiten wir eine Reihe solcher Informationen. Dies geschieht z.B. beim allgemeinen Zugriff auf Inhalte, bei Anmeldung zu unserem Newsletter, der Teilnahme an Wettbewerben oder Umfragen, der Registrierung als Benutzer oder Abonnent, der sonstigen Nutzung von Diensten oder dem Kauf \u00fcber die Website.\r\n\r\nWir erfassen und verarbeiten in der Regel folgende Arten von Informationen: Eine eindeutige Kennung und technische Informationen \u00fcber Ihren Computer, Tablet oder Mobiltelefon, Ihre IP-Adresse, Ihren geografischen Standort sowie die von Ihnen angeklickten Seiten (Interessen). Soweit Sie ausdr\u00fccklich einwilligen und die Informationen selbst eingeben, werden zus\u00e4tzlich folgende Informationen verarbeitet: Name, Telefonnummer, E-Mail-Adresse, Adresse und Zahlungsinformationen. Dies erfolgt in der Regel im Zusammenhang mit der Erstellung eines Logins oder eines Kaufs.\r\n\r\nSicherheit Wir behandeln Ihre personenbezogenen Daten sicher und vertraulich gem\u00e4\u00df geltendem Recht, einschlie\u00dflich der Datenschutz-Grundverordnung und des Datenschutzgesetzes. Ihre Informationen werden nur zu dem Zweck verwendet, f\u00fcr den sie gesammelt wurden, und werden gel\u00f6scht, wenn dieser Zweck erf\u00fcllt ist oder nicht mehr relevant ist. Wir haben technische und organisatorische Ma\u00dfnahmen getroffen, um zu verhindern, dass Ihre Informationen versehentlich oder unrechtm\u00e4\u00dfig gel\u00f6scht, offengelegt, verloren, beeintr\u00e4chtigt oder von unbefugten Personen bekannt gemacht, missbraucht oder anderweitig in \u00dcbereinstimmung mit dem Gesetz verarbeitet werden.\r\n\r\nZweck Die Informationen werden verwendet, um Sie als Benutzer zu identifizieren und Ihnen die Anzeigen anzuzeigen, die am ehesten f\u00fcr Sie relevant sind, Ihre Eink\u00e4ufe und Zahlungen zu erfassen sowie die von Ihnen angeforderten Dienste, wie z.B. den Versand eines Newsletters, bereitzustellen. Dar\u00fcber hinaus verwenden wir die Informationen, um unsere Dienste und Inhalte zu optimieren.\r\n\r\nAufbewahrungsfrist Die Informationen werden f\u00fcr den Zeitraum gespeichert, der gem\u00e4\u00df dem Gesetz zul\u00e4ssig ist, und wir l\u00f6schen sie, wenn sie nicht mehr erforderlich sind. Die Dauer h\u00e4ngt von der Art der Information und dem Grund f\u00fcr die Speicherung ab. Es ist daher nicht m\u00f6glich, einen allgemeinen Zeitrahmen anzugeben, wann Informationen gel\u00f6scht werden.\r\n\r\nWeitergabe von Informationen Daten \u00fcber Ihre Nutzung der Website, die Anzeigen, die Sie erhalten und gegebenenfalls anklicken, geografische Standortdaten, Geschlecht und Alterssegmente usw. werden Dritten offengelegt, soweit diese Informationen bekannt sind. Sie k\u00f6nnen im Abschnitt &#8222;Cookies&#8220; oben sehen, um welche Dritten es sich handelt. Die Informationen werden f\u00fcr gezielte Werbung verwendet.\r\n\r\nDar\u00fcber hinaus nutzen wir eine Reihe von Drittanbietern zur Speicherung und Verarbeitung von Daten. Diese verarbeiten Informationen ausschlie\u00dflich in unserem Auftrag und d\u00fcrfen sie nicht f\u00fcr eigene Zwecke verwenden.\r\n\r\nDie Weitergabe personenbezogener Daten wie Name und E-Mail-Adresse erfolgt nur, wenn Sie Ihre Einwilligung dazu geben. Wir verwenden nur Datenverarbeiter in der EU oder in L\u00e4ndern, die einen angemessenen Schutz Ihrer Informationen bieten k\u00f6nnen.\r\n\r\nEinblick und Beschwerden Sie haben das Recht, Auskunft \u00fcber die personenbezogenen Daten zu verlangen, die wir \u00fcber Sie in einem \u00fcblichen Format verarbeiten (Daten\u00fcbertragbarkeit). Sie haben auch jederzeit das Recht, der Verwendung von Informationen zu widersprechen. Sie k\u00f6nnen auch Ihre Einwilligung zur Verarbeitung von Informationen \u00fcber Sie widerrufen. Wenn die \u00fcber Sie verarbeiteten Informationen falsch sind, haben Sie das Recht, dass sie korrigiert oder gel\u00f6scht werden. Sie k\u00f6nnen sich dazu an f737dj@gmail.com wenden. Wenn Sie sich \u00fcber unsere Verarbeitung Ihrer personenbezogenen Daten beschweren m\u00f6chten, haben Sie auch die M\u00f6glichkeit, sich an die Datenschutzbeh\u00f6rde zu wenden. Wenn Sie nicht mehr m\u00f6chten, dass wir Ihre personenbezogenen Daten verarbeiten oder die Verarbeitung Ihrer personenbezogenen Daten einschr\u00e4nken m\u00f6chten, k\u00f6nnen Sie uns auch eine entsprechende Anfrage an die oben genannte E-Mail-Adresse senden.\r\n\r\nHerausgeber Die Website wird von folgendem Unternehmen betrieben und ver\u00f6ffentlicht:\r\n\r\nDanny Wendelboe Juel Jeppesen Holding ApS Kongsh\u00f8jvej 9 5230 Odense M Telefon: 41724529 E-Mail: f737dj@gmail.com\t\t\t\t\t\t\t\t<\/div>\n\t\t\t\t<\/div>\n\t\t\t\t<\/div>\n\t\t\t\t\t<\/div>\n\t\t\t\t<\/div>\n\t\t\t\t<\/div>\n\t\t","protected":false},"excerpt":{"rendered":"<p>Cookie- und Datenschutzrichtlinie bei Danny Wendelboe Juel Jeppesen Holding ApS Einf\u00fchrung Wenn Sie unsere Website besuchen, werden Informationen \u00fcber Sie gesammelt, die zur Anpassung und Verbesserung unserer Inhalte und zur Steigerung des Werts der Anzeigen verwendet werden, die auf der Seite angezeigt werden. Wenn Sie nicht m\u00f6chten, dass Informationen gesammelt werden, sollten Sie Ihre Cookies [&hellip;]<\/p>\n","protected":false},"author":2,"featured_media":0,"parent":0,"menu_order":0,"comment_status":"closed","ping_status":"open","template":"","meta":{"_acf_changed":false,"footnotes":""},"class_list":["post-3248","page","type-page","status-publish","hentry"],"acf":[],"yoast_head":"<!-- This site is optimized with the Yoast SEO plugin v25.6 - https:\/\/yoast.com\/wordpress\/plugins\/seo\/ -->\n<title>Datenschutzrichtlinie - Spor-1 Wehrmacht<\/title>\n<meta name=\"robots\" content=\"index, follow, max-snippet:-1, max-image-preview:large, max-video-preview:-1\" \/>\n<link rel=\"canonical\" href=\"https:\/\/spor-1-wehrmacht.dk\/de\/datenschutzrichtlinie\/\" \/>\n<meta property=\"og:locale\" content=\"de_DE\" \/>\n<meta property=\"og:type\" content=\"article\" \/>\n<meta property=\"og:title\" content=\"Datenschutzrichtlinie - Spor-1 Wehrmacht\" \/>\n<meta property=\"og:description\" content=\"Cookie- und Datenschutzrichtlinie bei Danny Wendelboe Juel Jeppesen Holding ApS Einf\u00fchrung Wenn Sie unsere Website besuchen, werden Informationen \u00fcber Sie gesammelt, die zur Anpassung und Verbesserung unserer Inhalte und zur Steigerung des Werts der Anzeigen verwendet werden, die auf der Seite angezeigt werden. Wenn Sie nicht m\u00f6chten, dass Informationen gesammelt werden, sollten Sie Ihre Cookies [&hellip;]\" \/>\n<meta property=\"og:url\" content=\"https:\/\/spor-1-wehrmacht.dk\/de\/datenschutzrichtlinie\/\" \/>\n<meta property=\"og:site_name\" content=\"Spor-1 Wehrmacht\" \/>\n<meta property=\"article:modified_time\" content=\"2023-12-12T17:27:05+00:00\" \/>\n<meta name=\"twitter:card\" content=\"summary_large_image\" \/>\n<meta name=\"twitter:label1\" content=\"Gesch\u00e4tzte Lesezeit\" \/>\n\t<meta name=\"twitter:data1\" content=\"4\u00a0Minuten\" \/>\n<script type=\"application\/ld+json\" class=\"yoast-schema-graph\">{\"@context\":\"https:\/\/schema.org\",\"@graph\":[{\"@type\":\"WebPage\",\"@id\":\"https:\/\/spor-1-wehrmacht.dk\/de\/datenschutzrichtlinie\/\",\"url\":\"https:\/\/spor-1-wehrmacht.dk\/de\/datenschutzrichtlinie\/\",\"name\":\"Datenschutzrichtlinie - Spor-1 Wehrmacht\",\"isPartOf\":{\"@id\":\"https:\/\/spor-1-wehrmacht.dk\/de\/#website\"},\"datePublished\":\"2019-03-05T07:52:36+00:00\",\"dateModified\":\"2023-12-12T17:27:05+00:00\",\"inLanguage\":\"de\",\"potentialAction\":[{\"@type\":\"ReadAction\",\"target\":[\"https:\/\/spor-1-wehrmacht.dk\/de\/datenschutzrichtlinie\/\"]}]},{\"@type\":\"WebSite\",\"@id\":\"https:\/\/spor-1-wehrmacht.dk\/de\/#website\",\"url\":\"https:\/\/spor-1-wehrmacht.dk\/de\/\",\"name\":\"Spor-1 Wehrmacht\",\"description\":\"\",\"publisher\":{\"@id\":\"https:\/\/spor-1-wehrmacht.dk\/de\/#organization\"},\"potentialAction\":[{\"@type\":\"SearchAction\",\"target\":{\"@type\":\"EntryPoint\",\"urlTemplate\":\"https:\/\/spor-1-wehrmacht.dk\/de\/?s={search_term_string}\"},\"query-input\":{\"@type\":\"PropertyValueSpecification\",\"valueRequired\":true,\"valueName\":\"search_term_string\"}}],\"inLanguage\":\"de\"},{\"@type\":\"Organization\",\"@id\":\"https:\/\/spor-1-wehrmacht.dk\/de\/#organization\",\"name\":\"Spor-1 Wehrmacht\",\"url\":\"https:\/\/spor-1-wehrmacht.dk\/de\/\",\"logo\":{\"@type\":\"ImageObject\",\"inLanguage\":\"de\",\"@id\":\"https:\/\/spor-1-wehrmacht.dk\/de\/#\/schema\/logo\/image\/\",\"url\":\"https:\/\/spor-1-wehrmacht.dk\/wp-content\/uploads\/nyt-logo-1.jpg\",\"contentUrl\":\"https:\/\/spor-1-wehrmacht.dk\/wp-content\/uploads\/nyt-logo-1.jpg\",\"width\":1250,\"height\":502,\"caption\":\"Spor-1 Wehrmacht\"},\"image\":{\"@id\":\"https:\/\/spor-1-wehrmacht.dk\/de\/#\/schema\/logo\/image\/\"}}]}<\/script>\n<!-- \/ Yoast SEO plugin. -->","yoast_head_json":{"title":"Datenschutzrichtlinie - Spor-1 Wehrmacht","robots":{"index":"index","follow":"follow","max-snippet":"max-snippet:-1","max-image-preview":"max-image-preview:large","max-video-preview":"max-video-preview:-1"},"canonical":"https:\/\/spor-1-wehrmacht.dk\/de\/datenschutzrichtlinie\/","og_locale":"de_DE","og_type":"article","og_title":"Datenschutzrichtlinie - Spor-1 Wehrmacht","og_description":"Cookie- und Datenschutzrichtlinie bei Danny Wendelboe Juel Jeppesen Holding ApS Einf\u00fchrung Wenn Sie unsere Website besuchen, werden Informationen \u00fcber Sie gesammelt, die zur Anpassung und Verbesserung unserer Inhalte und zur Steigerung des Werts der Anzeigen verwendet werden, die auf der Seite angezeigt werden. Wenn Sie nicht m\u00f6chten, dass Informationen gesammelt werden, sollten Sie Ihre Cookies [&hellip;]","og_url":"https:\/\/spor-1-wehrmacht.dk\/de\/datenschutzrichtlinie\/","og_site_name":"Spor-1 Wehrmacht","article_modified_time":"2023-12-12T17:27:05+00:00","twitter_card":"summary_large_image","twitter_misc":{"Gesch\u00e4tzte Lesezeit":"4\u00a0Minuten"},"schema":{"@context":"https:\/\/schema.org","@graph":[{"@type":"WebPage","@id":"https:\/\/spor-1-wehrmacht.dk\/de\/datenschutzrichtlinie\/","url":"https:\/\/spor-1-wehrmacht.dk\/de\/datenschutzrichtlinie\/","name":"Datenschutzrichtlinie - Spor-1 Wehrmacht","isPartOf":{"@id":"https:\/\/spor-1-wehrmacht.dk\/de\/#website"},"datePublished":"2019-03-05T07:52:36+00:00","dateModified":"2023-12-12T17:27:05+00:00","inLanguage":"de","potentialAction":[{"@type":"ReadAction","target":["https:\/\/spor-1-wehrmacht.dk\/de\/datenschutzrichtlinie\/"]}]},{"@type":"WebSite","@id":"https:\/\/spor-1-wehrmacht.dk\/de\/#website","url":"https:\/\/spor-1-wehrmacht.dk\/de\/","name":"Spor-1 Wehrmacht","description":"","publisher":{"@id":"https:\/\/spor-1-wehrmacht.dk\/de\/#organization"},"potentialAction":[{"@type":"SearchAction","target":{"@type":"EntryPoint","urlTemplate":"https:\/\/spor-1-wehrmacht.dk\/de\/?s={search_term_string}"},"query-input":{"@type":"PropertyValueSpecification","valueRequired":true,"valueName":"search_term_string"}}],"inLanguage":"de"},{"@type":"Organization","@id":"https:\/\/spor-1-wehrmacht.dk\/de\/#organization","name":"Spor-1 Wehrmacht","url":"https:\/\/spor-1-wehrmacht.dk\/de\/","logo":{"@type":"ImageObject","inLanguage":"de","@id":"https:\/\/spor-1-wehrmacht.dk\/de\/#\/schema\/logo\/image\/","url":"https:\/\/spor-1-wehrmacht.dk\/wp-content\/uploads\/nyt-logo-1.jpg","contentUrl":"https:\/\/spor-1-wehrmacht.dk\/wp-content\/uploads\/nyt-logo-1.jpg","width":1250,"height":502,"caption":"Spor-1 Wehrmacht"},"image":{"@id":"https:\/\/spor-1-wehrmacht.dk\/de\/#\/schema\/logo\/image\/"}}]}},"_links":{"self":[{"href":"https:\/\/spor-1-wehrmacht.dk\/de\/wp-json\/wp\/v2\/pages\/3248","targetHints":{"allow":["GET"]}}],"collection":[{"href":"https:\/\/spor-1-wehrmacht.dk\/de\/wp-json\/wp\/v2\/pages"}],"about":[{"href":"https:\/\/spor-1-wehrmacht.dk\/de\/wp-json\/wp\/v2\/types\/page"}],"author":[{"embeddable":true,"href":"https:\/\/spor-1-wehrmacht.dk\/de\/wp-json\/wp\/v2\/users\/2"}],"replies":[{"embeddable":true,"href":"https:\/\/spor-1-wehrmacht.dk\/de\/wp-json\/wp\/v2\/comments?post=3248"}],"version-history":[{"count":1,"href":"https:\/\/spor-1-wehrmacht.dk\/de\/wp-json\/wp\/v2\/pages\/3248\/revisions"}],"predecessor-version":[{"id":3249,"href":"https:\/\/spor-1-wehrmacht.dk\/de\/wp-json\/wp\/v2\/pages\/3248\/revisions\/3249"}],"wp:attachment":[{"href":"https:\/\/spor-1-wehrmacht.dk\/de\/wp-json\/wp\/v2\/media?parent=3248"}],"curies":[{"name":"wp","href":"https:\/\/api.w.org\/{rel}","templated":true}]}}